{"id":3266,"date":"2021-11-17T21:06:25","date_gmt":"2021-11-17T21:06:25","guid":{"rendered":"https:\/\/lamusona.com\/botiga\/entrecot\/"},"modified":"2026-04-07T14:43:06","modified_gmt":"2026-04-07T14:43:06","slug":"entrecot","status":"publish","type":"product","link":"https:\/\/lamusona.com\/es\/Tienda\/entrecot\/","title":{"rendered":"Entrecot"},"content":{"rendered":"\t\t<div data-elementor-type=\"wp-post\" data-elementor-id=\"3266\" class=\"elementor elementor-3266 elementor-162\" data-elementor-post-type=\"product\">\n\t\t\t\t\t\t<section class=\"elementor-section elementor-top-section elementor-element elementor-element-2fc0f96 elementor-section-boxed elementor-section-height-default elementor-section-height-default\" data-id=\"2fc0f96\" data-element_type=\"section\" data-e-type=\"section\">\n\t\t\t\t\t\t<div class=\"elementor-container elementor-column-gap-no\">\n\t\t\t\t\t<div class=\"elementor-column elementor-col-100 elementor-top-column elementor-element elementor-element-5a47ae0\" data-id=\"5a47ae0\" data-element_type=\"column\" data-e-type=\"column\">\n\t\t\t<div class=\"elementor-widget-wrap elementor-element-populated\">\n\t\t\t\t\t\t<div class=\"elementor-element elementor-element-f7cea67 elementor-arrows-position-inside elementor-widget elementor-widget-image-carousel\" data-id=\"f7cea67\" data-element_type=\"widget\" data-e-type=\"widget\" data-settings=\"{&quot;slides_to_show&quot;:&quot;3&quot;,&quot;navigation&quot;:&quot;arrows&quot;,&quot;autoplay&quot;:&quot;yes&quot;,&quot;pause_on_hover&quot;:&quot;yes&quot;,&quot;pause_on_interaction&quot;:&quot;yes&quot;,&quot;autoplay_speed&quot;:5000,&quot;infinite&quot;:&quot;yes&quot;,&quot;speed&quot;:500}\" data-widget_type=\"image-carousel.default\">\n\t\t\t\t<div class=\"elementor-widget-container\">\n\t\t\t\t\t\t\t<div class=\"elementor-image-carousel-wrapper swiper\" role=\"region\" aria-roledescription=\"carousel\" aria-label=\"Carrusel de im\u00e1genes\" dir=\"ltr\">\n\t\t\t<div class=\"elementor-image-carousel swiper-wrapper\" aria-live=\"off\">\n\t\t\t\t\t\t\t\t<div class=\"swiper-slide\" role=\"group\" aria-roledescription=\"slide\" aria-label=\"1 de 4\"><a data-elementor-open-lightbox=\"yes\" data-elementor-lightbox-slideshow=\"f7cea67\" data-elementor-lightbox-title=\"musona-entrecot-llom-alt-4\" data-e-action-hash=\"#elementor-action%3Aaction%3Dlightbox%26settings%3DeyJpZCI6MzQ3MywidXJsIjoiaHR0cHM6XC9cL2xhbXVzb25hLmNvbVwvd3AtY29udGVudFwvdXBsb2Fkc1wvMjAyMlwvMTBcL211c29uYS1lbnRyZWNvdC1sbG9tLWFsdC00LnBuZyIsInNsaWRlc2hvdyI6ImY3Y2VhNjcifQ%3D%3D\" href=\"https:\/\/lamusona.com\/wp-content\/uploads\/2022\/10\/musona-entrecot-llom-alt-4.png\"><figure class=\"swiper-slide-inner\"><img decoding=\"async\" class=\"swiper-slide-image\" src=\"https:\/\/lamusona.com\/wp-content\/uploads\/elementor\/thumbs\/musona-entrecot-llom-alt-4-qn6m6x5bw01sz5yix3t7pzejghuedanrf6utmkmg7s.png\" alt=\"musona-entrecot-llom-alt-4\" \/><\/figure><\/a><\/div><div class=\"swiper-slide\" role=\"group\" aria-roledescription=\"slide\" aria-label=\"2 de 4\"><a data-elementor-open-lightbox=\"yes\" data-elementor-lightbox-slideshow=\"f7cea67\" data-elementor-lightbox-title=\"musona-entrecot-llom-alt-2\" data-e-action-hash=\"#elementor-action%3Aaction%3Dlightbox%26settings%3DeyJpZCI6MzQ2OSwidXJsIjoiaHR0cHM6XC9cL2xhbXVzb25hLmNvbVwvd3AtY29udGVudFwvdXBsb2Fkc1wvMjAyMlwvMTBcL211c29uYS1lbnRyZWNvdC1sbG9tLWFsdC0yLnBuZyIsInNsaWRlc2hvdyI6ImY3Y2VhNjcifQ%3D%3D\" href=\"https:\/\/lamusona.com\/wp-content\/uploads\/2022\/10\/musona-entrecot-llom-alt-2.png\"><figure class=\"swiper-slide-inner\"><img decoding=\"async\" class=\"swiper-slide-image\" src=\"https:\/\/lamusona.com\/wp-content\/uploads\/elementor\/thumbs\/musona-entrecot-llom-alt-2-qn6m6x5bw01sz5yix3t7pzejghuedanrf6utmkmg7s.png\" alt=\"musona-entrecot-llom-alt-2\" \/><\/figure><\/a><\/div><div class=\"swiper-slide\" role=\"group\" aria-roledescription=\"slide\" aria-label=\"3 de 4\"><a data-elementor-open-lightbox=\"yes\" data-elementor-lightbox-slideshow=\"f7cea67\" data-elementor-lightbox-title=\"musona-entrecot-llom-alt-3\" data-e-action-hash=\"#elementor-action%3Aaction%3Dlightbox%26settings%3DeyJpZCI6MzQ3MSwidXJsIjoiaHR0cHM6XC9cL2xhbXVzb25hLmNvbVwvd3AtY29udGVudFwvdXBsb2Fkc1wvMjAyMlwvMTBcL211c29uYS1lbnRyZWNvdC1sbG9tLWFsdC0zLnBuZyIsInNsaWRlc2hvdyI6ImY3Y2VhNjcifQ%3D%3D\" href=\"https:\/\/lamusona.com\/wp-content\/uploads\/2022\/10\/musona-entrecot-llom-alt-3.png\"><figure class=\"swiper-slide-inner\"><img decoding=\"async\" class=\"swiper-slide-image\" src=\"https:\/\/lamusona.com\/wp-content\/uploads\/elementor\/thumbs\/musona-entrecot-llom-alt-3-qn6m6y362u33arx5rm7uah601vprkzrhrbib3ul21k.png\" alt=\"musona-entrecot-llom-alt-3\" \/><\/figure><\/a><\/div><div class=\"swiper-slide\" role=\"group\" aria-roledescription=\"slide\" aria-label=\"4 de 4\"><a data-elementor-open-lightbox=\"yes\" data-elementor-lightbox-slideshow=\"f7cea67\" data-elementor-lightbox-title=\"musona-entrecot-llom-alt\" data-elementor-lightbox-description=\"entrecot la musona\" data-e-action-hash=\"#elementor-action%3Aaction%3Dlightbox%26settings%3DeyJpZCI6MzQ3NSwidXJsIjoiaHR0cHM6XC9cL2xhbXVzb25hLmNvbVwvd3AtY29udGVudFwvdXBsb2Fkc1wvMjAyMlwvMTBcL211c29uYS1lbnRyZWNvdC1sbG9tLWFsdC5wbmciLCJzbGlkZXNob3ciOiJmN2NlYTY3In0%3D\" href=\"https:\/\/lamusona.com\/wp-content\/uploads\/2022\/10\/musona-entrecot-llom-alt.png\"><figure class=\"swiper-slide-inner\"><img decoding=\"async\" class=\"swiper-slide-image\" src=\"https:\/\/lamusona.com\/wp-content\/uploads\/elementor\/thumbs\/musona-entrecot-llom-alt-qn6m6x5bw01sz5yix3t7pzejghuedanrf6utmkmg7s.png\" alt=\"entrecot la musona\" \/><\/figure><\/a><\/div>\t\t\t<\/div>\n\t\t\t\t\t\t\t\t\t\t\t\t<div class=\"elementor-swiper-button elementor-swiper-button-prev\" role=\"button\" tabindex=\"0\">\n\t\t\t\t\t\t<i aria-hidden=\"true\" class=\"eicon-chevron-left\"><\/i>\t\t\t\t\t<\/div>\n\t\t\t\t\t<div class=\"elementor-swiper-button elementor-swiper-button-next\" role=\"button\" tabindex=\"0\">\n\t\t\t\t\t\t<i aria-hidden=\"true\" class=\"eicon-chevron-right\"><\/i>\t\t\t\t\t<\/div>\n\t\t\t\t\n\t\t\t\t\t\t\t\t\t<\/div>\n\t\t\t\t\t\t<\/div>\n\t\t\t\t<\/div>\n\t\t\t\t\t<\/div>\n\t\t<\/div>\n\t\t\t\t\t<\/div>\n\t\t<\/section>\n\t\t\t\t<section class=\"elementor-section elementor-top-section elementor-element elementor-element-7b75150 elementor-section-boxed elementor-section-height-default elementor-section-height-default\" data-id=\"7b75150\" data-element_type=\"section\" data-e-type=\"section\">\n\t\t\t\t\t\t<div class=\"elementor-container elementor-column-gap-wider\">\n\t\t\t\t\t<div class=\"elementor-column elementor-col-100 elementor-top-column elementor-element elementor-element-4198724\" data-id=\"4198724\" data-element_type=\"column\" data-e-type=\"column\">\n\t\t\t<div class=\"elementor-widget-wrap elementor-element-populated\">\n\t\t\t\t\t\t<section class=\"elementor-section elementor-inner-section elementor-element elementor-element-4c3b87e elementor-section-boxed elementor-section-height-default elementor-section-height-default\" data-id=\"4c3b87e\" data-element_type=\"section\" data-e-type=\"section\">\n\t\t\t\t\t\t<div class=\"elementor-container elementor-column-gap-default\">\n\t\t\t\t\t<div class=\"elementor-column elementor-col-100 elementor-inner-column elementor-element elementor-element-2a451c1\" data-id=\"2a451c1\" data-element_type=\"column\" data-e-type=\"column\">\n\t\t\t<div class=\"elementor-widget-wrap elementor-element-populated\">\n\t\t\t\t\t\t<div class=\"elementor-element elementor-element-2befc95 elementor-widget elementor-widget-text-editor\" data-id=\"2befc95\" data-element_type=\"widget\" data-e-type=\"widget\" data-widget_type=\"text-editor.default\">\n\t\t\t\t<div class=\"elementor-widget-container\">\n\t\t\t\t\t\t\t\t\t<h3>Descripci\u00f3n<\/h3>\n<p><span style=\"font-weight: 400;\">Alimentarte con ternera de la raza Aberdeen Angus es nutrirte de una de las mejores razas del mundo gracias a la grasa intravenosa que contiene, que es insaturada y, por tanto, saludable, y hace que sea una carne muy tierna, jugosa y sabrosa.<\/span><\/p>\n<ul>\n<li><strong>Carne 100% natural<\/strong><br \/>Proveniente de vacas criadas en campo abierto y alimentadas con la hierba y forraje del campo donde pastan. Evitamos al m\u00e1ximo el uso de medicamentos y no a\u00f1adimos ni aditivos ni conservantes para conservar la carne en su estado natural.<\/li>\n<li><strong>Carne 100% fresca<\/strong> <br \/>La recibe en un m\u00e1ximo de 24 h despu\u00e9s de ser cortada y est\u00e1 envasada al vac\u00edo para conservar su caducidad natural. \/ Carne sin procesar, envasada al vac\u00edo, en su fecha de caducidad.<\/li>\n<li><strong>Carne 100% Aberdeen Angus <\/strong><br \/>Garantizamos la calidad y pureza de la raza gracias al conocimiento gen\u00e9tico de la empresa familiar de la que procede La Musona. Adem\u00e1s, todas las vacas est\u00e1n cuidadas por un equipo de nutre\u00f3logos y veterinarios que se encargan de gestionar sus necesidades y dieta en cada fase de su crecimiento.<\/li>\n<\/ul>\n\t\t\t\t\t\t\t\t<\/div>\n\t\t\t\t<\/div>\n\t\t\t\t<div class=\"elementor-element elementor-element-0cdd5aa elementor-widget elementor-widget-spacer\" data-id=\"0cdd5aa\" data-element_type=\"widget\" data-e-type=\"widget\" data-widget_type=\"spacer.default\">\n\t\t\t\t<div class=\"elementor-widget-container\">\n\t\t\t\t\t\t\t<div class=\"elementor-spacer\">\n\t\t\t<div class=\"elementor-spacer-inner\"><\/div>\n\t\t<\/div>\n\t\t\t\t\t\t<\/div>\n\t\t\t\t<\/div>\n\t\t\t\t<div class=\"elementor-element elementor-element-314c938 elementor-widget elementor-widget-image\" data-id=\"314c938\" data-element_type=\"widget\" data-e-type=\"widget\" data-widget_type=\"image.default\">\n\t\t\t\t<div class=\"elementor-widget-container\">\n\t\t\t\t\t\t\t\t\t\t\t\t\t\t\t<img decoding=\"async\" src=\"https:\/\/lamusona.com\/wp-content\/uploads\/2022\/08\/IMG-20220704-WA0052-1536x860.jpg\" title=\"IMG-20220704-WA0052\" alt=\"IMG-20220704-WA0052\" loading=\"lazy\" \/>\t\t\t\t\t\t\t\t\t\t\t\t\t\t\t<\/div>\n\t\t\t\t<\/div>\n\t\t\t\t<div class=\"elementor-element elementor-element-90f22cf elementor-widget elementor-widget-spacer\" data-id=\"90f22cf\" data-element_type=\"widget\" data-e-type=\"widget\" data-widget_type=\"spacer.default\">\n\t\t\t\t<div class=\"elementor-widget-container\">\n\t\t\t\t\t\t\t<div class=\"elementor-spacer\">\n\t\t\t<div class=\"elementor-spacer-inner\"><\/div>\n\t\t<\/div>\n\t\t\t\t\t\t<\/div>\n\t\t\t\t<\/div>\n\t\t\t\t<div class=\"elementor-element elementor-element-a1db417 elementor-widget elementor-widget-text-editor\" data-id=\"a1db417\" data-element_type=\"widget\" data-e-type=\"widget\" data-widget_type=\"text-editor.default\">\n\t\t\t\t<div class=\"elementor-widget-container\">\n\t\t\t\t\t\t\t\t\t<h3>\u00bfC\u00f3mo te llegar\u00e1 a casa?<\/h3><p>Todos nuestros productos ir\u00e1n envasados \u200b\u200bal vac\u00edo.<\/p>\t\t\t\t\t\t\t\t<\/div>\n\t\t\t\t<\/div>\n\t\t\t\t<div class=\"elementor-element elementor-element-37ff7e6 elementor-widget elementor-widget-image\" data-id=\"37ff7e6\" data-element_type=\"widget\" data-e-type=\"widget\" data-widget_type=\"image.default\">\n\t\t\t\t<div class=\"elementor-widget-container\">\n\t\t\t\t\t\t\t\t\t\t\t\t\t\t\t<img fetchpriority=\"high\" decoding=\"async\" width=\"800\" height=\"534\" src=\"https:\/\/lamusona.com\/wp-content\/uploads\/2021\/11\/entrecot-envasat-musona-1024x683.jpg\" class=\"attachment-large size-large wp-image-3046\" alt=\"\" srcset=\"https:\/\/lamusona.com\/wp-content\/uploads\/2021\/11\/entrecot-envasat-musona-1024x683.jpg 1024w, https:\/\/lamusona.com\/wp-content\/uploads\/2021\/11\/entrecot-envasat-musona-600x400.jpg 600w, https:\/\/lamusona.com\/wp-content\/uploads\/2021\/11\/entrecot-envasat-musona-300x200.jpg 300w, https:\/\/lamusona.com\/wp-content\/uploads\/2021\/11\/entrecot-envasat-musona-768x512.jpg 768w, https:\/\/lamusona.com\/wp-content\/uploads\/2021\/11\/entrecot-envasat-musona-219x146.jpg 219w, https:\/\/lamusona.com\/wp-content\/uploads\/2021\/11\/entrecot-envasat-musona-50x33.jpg 50w, https:\/\/lamusona.com\/wp-content\/uploads\/2021\/11\/entrecot-envasat-musona-113x75.jpg 113w, https:\/\/lamusona.com\/wp-content\/uploads\/2021\/11\/entrecot-envasat-musona-800x533.jpg 800w, https:\/\/lamusona.com\/wp-content\/uploads\/2021\/11\/entrecot-envasat-musona.jpg 1200w\" sizes=\"(max-width: 800px) 100vw, 800px\" \/>\t\t\t\t\t\t\t\t\t\t\t\t\t\t\t<\/div>\n\t\t\t\t<\/div>\n\t\t\t\t<div class=\"elementor-element elementor-element-97f2a71 elementor-widget elementor-widget-spacer\" data-id=\"97f2a71\" data-element_type=\"widget\" data-e-type=\"widget\" data-widget_type=\"spacer.default\">\n\t\t\t\t<div class=\"elementor-widget-container\">\n\t\t\t\t\t\t\t<div class=\"elementor-spacer\">\n\t\t\t<div class=\"elementor-spacer-inner\"><\/div>\n\t\t<\/div>\n\t\t\t\t\t\t<\/div>\n\t\t\t\t<\/div>\n\t\t\t\t<div class=\"elementor-element elementor-element-fd9154a elementor-widget elementor-widget-text-editor\" data-id=\"fd9154a\" data-element_type=\"widget\" data-e-type=\"widget\" data-widget_type=\"text-editor.default\">\n\t\t\t\t<div class=\"elementor-widget-container\">\n\t\t\t\t\t\t\t\t\t<h3>\u00bfC\u00f3mo cocinarla?<\/h3><p><span style=\"font-weight: 400;\">Aseg\u00farate de quitar la carne de la bolsa un m\u00ednimo de 2 h antes de cocinarla para que coja la temperatura ambiente.<\/span><\/p>\t\t\t\t\t\t\t\t<\/div>\n\t\t\t\t<\/div>\n\t\t\t\t\t<\/div>\n\t\t<\/div>\n\t\t\t\t\t<\/div>\n\t\t<\/section>\n\t\t\t\t\t<\/div>\n\t\t<\/div>\n\t\t\t\t\t<\/div>\n\t\t<\/section>\n\t\t\t\t<section class=\"elementor-section elementor-top-section elementor-element elementor-element-4137c6dd elementor-section-boxed elementor-section-height-default elementor-section-height-default\" data-id=\"4137c6dd\" data-element_type=\"section\" data-e-type=\"section\">\n\t\t\t\t\t\t<div class=\"elementor-container elementor-column-gap-default\">\n\t\t\t\t\t<div class=\"elementor-column elementor-col-100 elementor-top-column elementor-element elementor-element-73bea7e5\" data-id=\"73bea7e5\" data-element_type=\"column\" data-e-type=\"column\">\n\t\t\t<div class=\"elementor-widget-wrap elementor-element-populated\">\n\t\t\t\t\t\t<div class=\"elementor-element elementor-element-2cdf87a elementor-widget elementor-widget-spacer\" data-id=\"2cdf87a\" data-element_type=\"widget\" data-e-type=\"widget\" data-widget_type=\"spacer.default\">\n\t\t\t\t<div class=\"elementor-widget-container\">\n\t\t\t\t\t\t\t<div class=\"elementor-spacer\">\n\t\t\t<div class=\"elementor-spacer-inner\"><\/div>\n\t\t<\/div>\n\t\t\t\t\t\t<\/div>\n\t\t\t\t<\/div>\n\t\t\t\t<div class=\"elementor-element elementor-element-37345cf elementor-widget elementor-widget-text-editor\" data-id=\"37345cf\" data-element_type=\"widget\" data-e-type=\"widget\" data-widget_type=\"text-editor.default\">\n\t\t\t\t<div class=\"elementor-widget-container\">\n\t\t\t\t\t\t\t\t\t<h3>Modelo de producci\u00f3n c\u00edclico<\/h3>\n<p><span style=\"font-weight: 400;\">Para garantizar un sistema de producci\u00f3n respetuoso que evite la sobreproducci\u00f3n y el desperdicio, trabajamos con un modelo c\u00edclico que puede variar seg\u00fan la \u00e9poca del a\u00f1o.<\/span><\/p>\n<p><span style=\"font-weight: 400;\">Por eso puede que el producto no est\u00e9 disponible en estos momentos. Si es el caso, vuelve a pasar por la tienda en breve y lo encontrar\u00e1s. <\/span><\/p>\n<p><b>Gracias por sumarte a una nueva forma de consumir la carne, m\u00e1s sostenible, m\u00e1s consciente y m\u00e1s respetuosa.<\/b><\/p>\n\t\t\t\t\t\t\t\t<\/div>\n\t\t\t\t<\/div>\n\t\t\t\t<div class=\"elementor-element elementor-element-3d3fe91 elementor-widget elementor-widget-image\" data-id=\"3d3fe91\" data-element_type=\"widget\" data-e-type=\"widget\" data-widget_type=\"image.default\">\n\t\t\t\t<div class=\"elementor-widget-container\">\n\t\t\t\t\t\t\t\t\t\t\t\t\t\t\t<img decoding=\"async\" width=\"400\" height=\"400\" src=\"https:\/\/lamusona.com\/wp-content\/uploads\/2021\/11\/00_arrow_musona.gif\" class=\"attachment-full size-full wp-image-3115\" alt=\"\" \/>\t\t\t\t\t\t\t\t\t\t\t\t\t\t\t<\/div>\n\t\t\t\t<\/div>\n\t\t\t\t<div class=\"elementor-element elementor-element-121e2e38 elementor-widget elementor-widget-image\" data-id=\"121e2e38\" data-element_type=\"widget\" data-e-type=\"widget\" data-widget_type=\"image.default\">\n\t\t\t\t<div class=\"elementor-widget-container\">\n\t\t\t\t\t\t\t\t\t\t\t\t\t\t\t<img decoding=\"async\" width=\"800\" height=\"534\" src=\"https:\/\/lamusona.com\/wp-content\/uploads\/2022\/09\/La-Musona-set22-30_tr-1024x683.png\" class=\"attachment-large size-large wp-image-3108\" alt=\"\" srcset=\"https:\/\/lamusona.com\/wp-content\/uploads\/2022\/09\/La-Musona-set22-30_tr-1024x683.png 1024w, https:\/\/lamusona.com\/wp-content\/uploads\/2022\/09\/La-Musona-set22-30_tr-600x400.png 600w, https:\/\/lamusona.com\/wp-content\/uploads\/2022\/09\/La-Musona-set22-30_tr-300x200.png 300w, https:\/\/lamusona.com\/wp-content\/uploads\/2022\/09\/La-Musona-set22-30_tr-768x512.png 768w, https:\/\/lamusona.com\/wp-content\/uploads\/2022\/09\/La-Musona-set22-30_tr-1536x1024.png 1536w, https:\/\/lamusona.com\/wp-content\/uploads\/2022\/09\/La-Musona-set22-30_tr-2048x1365.png 2048w, https:\/\/lamusona.com\/wp-content\/uploads\/2022\/09\/La-Musona-set22-30_tr-219x146.png 219w, https:\/\/lamusona.com\/wp-content\/uploads\/2022\/09\/La-Musona-set22-30_tr-50x33.png 50w, https:\/\/lamusona.com\/wp-content\/uploads\/2022\/09\/La-Musona-set22-30_tr-113x75.png 113w, https:\/\/lamusona.com\/wp-content\/uploads\/2022\/09\/La-Musona-set22-30_tr-1320x880.png 1320w\" sizes=\"(max-width: 800px) 100vw, 800px\" \/>\t\t\t\t\t\t\t\t\t\t\t\t\t\t\t<\/div>\n\t\t\t\t<\/div>\n\t\t\t\t\t<\/div>\n\t\t<\/div>\n\t\t\t\t\t<\/div>\n\t\t<\/section>\n\t\t\t\t<\/div>\n\t\t","protected":false},"excerpt":{"rendered":"<p><strong>100% NATURAL | 100% ABERDEEN ANGUS | 100% FRESCA<\/strong><\/p>\n<p>La pieza se entrega de forma individual en envase de 600 go 800 g (a escoger)<br \/>\nLa prenda va envasada al vac\u00edo.<br \/>\nPrecio kg: 47,60 \u20ac\/kg<\/p>\n<p>Entrecot 100% Aberdeen Angus del lomo, carne magra con gran melosidad, ternura y sabor utilizada por los mejores chefs.<br \/>\nPerfecto en parrilla, plancha o horno para una experiencia gastron\u00f3mica superior.<\/p>\n","protected":false},"featured_media":3103,"template":"","meta":{"_monsterinsights_skip_tracking":false,"_monsterinsights_sitenote_active":false,"_monsterinsights_sitenote_note":"","_monsterinsights_sitenote_category":0},"product_brand":[],"product_cat":[99],"product_tag":[89,90,91,95,105],"class_list":{"0":"post-3266","1":"product","2":"type-product","3":"status-publish","4":"has-post-thumbnail","6":"product_cat-aberdeen-angus-es","7":"product_tag-100-aberdeen-angus-es","8":"product_tag-100-fresca-es","9":"product_tag-100-natural-es","10":"product_tag-entrecot-es","11":"product_tag-ternera-aberdeen-angus-premium","12":"product_shipping_class-gastos-envio","14":"first","15":"instock","16":"taxable","17":"shipping-taxable","18":"purchasable","19":"product-type-variable"},"aioseo_notices":[],"_links":{"self":[{"href":"https:\/\/lamusona.com\/es\/wp-json\/wp\/v2\/product\/3266","targetHints":{"allow":["GET"]}}],"collection":[{"href":"https:\/\/lamusona.com\/es\/wp-json\/wp\/v2\/product"}],"about":[{"href":"https:\/\/lamusona.com\/es\/wp-json\/wp\/v2\/types\/product"}],"version-history":[{"count":10,"href":"https:\/\/lamusona.com\/es\/wp-json\/wp\/v2\/product\/3266\/revisions"}],"predecessor-version":[{"id":9686,"href":"https:\/\/lamusona.com\/es\/wp-json\/wp\/v2\/product\/3266\/revisions\/9686"}],"wp:featuredmedia":[{"embeddable":true,"href":"https:\/\/lamusona.com\/es\/wp-json\/wp\/v2\/media\/3103"}],"wp:attachment":[{"href":"https:\/\/lamusona.com\/es\/wp-json\/wp\/v2\/media?parent=3266"}],"wp:term":[{"taxonomy":"product_brand","embeddable":true,"href":"https:\/\/lamusona.com\/es\/wp-json\/wp\/v2\/product_brand?post=3266"},{"taxonomy":"product_cat","embeddable":true,"href":"https:\/\/lamusona.com\/es\/wp-json\/wp\/v2\/product_cat?post=3266"},{"taxonomy":"product_tag","embeddable":true,"href":"https:\/\/lamusona.com\/es\/wp-json\/wp\/v2\/product_tag?post=3266"}],"curies":[{"name":"wp","href":"https:\/\/api.w.org\/{rel}","templated":true}]}}